{"id":229,"date":"2022-09-20T11:52:57","date_gmt":"2022-09-20T09:52:57","guid":{"rendered":"https:\/\/partyshoe.com\/?page_id=229"},"modified":"2022-09-29T13:53:50","modified_gmt":"2022-09-29T11:53:50","slug":"terms-conditions","status":"publish","type":"page","link":"https:\/\/partyshoe.com\/de\/terms-conditions\/","title":{"rendered":"Terms &amp; amp; Bedingungen"},"content":{"rendered":"<div data-elementor-type=\"wp-page\" data-elementor-id=\"229\" class=\"elementor elementor-229\" data-elementor-post-type=\"page\">\n\t\t\t\t\t\t<section data-dce-background-overlay-image-url=\"https:\/\/partyshoe.com\/wp-content\/uploads\/2022\/09\/Partyshoe-Favicon-White.svg\" class=\"elementor-section elementor-top-section elementor-element elementor-element-e8eab7e elementor-section-height-min-height elementor-section-boxed elementor-section-height-default elementor-section-items-middle\" data-id=\"e8eab7e\" data-element_type=\"section\" data-e-type=\"section\" data-settings=\"{&quot;background_background&quot;:&quot;gradient&quot;,&quot;shape_divider_bottom&quot;:&quot;tilt&quot;}\">\n\t\t\t\t\t\t\t<div class=\"elementor-background-overlay\"><\/div>\n\t\t\t\t\t\t<div class=\"elementor-shape elementor-shape-bottom\" aria-hidden=\"true\" data-negative=\"false\">\n\t\t\t<svg xmlns=\"http:\/\/www.w3.org\/2000\/svg\" viewbox=\"0 0 1000 100\" preserveaspectratio=\"none\">\n\t<path class=\"elementor-shape-fill\" d=\"M0,6V0h1000v100L0,6z\"\/>\n<\/svg>\t\t<\/div>\n\t\t\t\t\t<div class=\"elementor-container elementor-column-gap-default\">\n\t\t\t\t\t<div class=\"elementor-column elementor-col-100 elementor-top-column elementor-element elementor-element-1bd8241\" data-id=\"1bd8241\" data-element_type=\"column\" data-e-type=\"column\">\n\t\t\t<div class=\"elementor-widget-wrap elementor-element-populated\">\n\t\t\t\t\t\t<div class=\"elementor-element elementor-element-7412f50 elementor-widget elementor-widget-heading\" data-id=\"7412f50\" data-element_type=\"widget\" data-e-type=\"widget\" data-widget_type=\"heading.default\">\n\t\t\t\t<div class=\"elementor-widget-container\">\n\t\t\t\t\t<h1 class=\"elementor-heading-title elementor-size-default\">Allgemeine Gesch\u00e4ftsbedingungen<\/h1>\t\t\t\t<\/div>\n\t\t\t\t<\/div>\n\t\t\t\t\t<\/div>\n\t\t<\/div>\n\t\t\t\t\t<\/div>\n\t\t<\/section>\n\t\t\t\t<section class=\"elementor-section elementor-top-section elementor-element elementor-element-9c5a059 elementor-section-content-middle elementor-section-boxed elementor-section-height-default elementor-section-height-default\" data-id=\"9c5a059\" data-element_type=\"section\" data-e-type=\"section\">\n\t\t\t\t\t\t<div class=\"elementor-container elementor-column-gap-default\">\n\t\t\t\t\t<div class=\"elementor-column elementor-col-100 elementor-top-column elementor-element elementor-element-fc23ba8\" data-id=\"fc23ba8\" data-element_type=\"column\" data-e-type=\"column\">\n\t\t\t<div class=\"elementor-widget-wrap elementor-element-populated\">\n\t\t\t\t\t\t<div class=\"elementor-element elementor-element-f4d1872 elementor-widget elementor-widget-text-editor\" data-id=\"f4d1872\" data-element_type=\"widget\" data-e-type=\"widget\" data-widget_type=\"text-editor.default\">\n\t\t\t\t<div class=\"elementor-widget-container\">\n\t\t\t\t\t\t\t\t\t<p>Der Webshop Partyshoe (im Folgenden: \u201ePartyshoe\u201c) ist ein Unternehmen, das im Handelsregister der Handelskammer unter der Aktennummer 65438418 und der Umsatzsteuer-Identifikationsnummer NL856112501B01 eingetragen ist.<\/p><p><strong>Kontakt E-mail<\/strong><br \/><span style=\"color: #59d600;\"><a style=\"color: #59d600;\" href=\"mailto:info@ledschoenen.nl\">info@partyshoe.com<\/a><\/span><\/p><p>Diese Allgemeinen Gesch\u00e4ftsbedingungen gelten f\u00fcr alle von PartyShoe abgeschlossenen Kauf- und Verkaufsvertr\u00e4ge. Ohne Ihre Zustimmung zu diesen Gesch\u00e4ftsbedingungen kommt kein Vertrag zustande.<br \/>Mit Aufgabe einer Bestellung im Partyshoe Webshop erkl\u00e4rt der Kunde, die AGB zu akzeptieren.<br \/>Partyshoe kann nicht garantieren, dass der Inhalt der Website immer frei von Ungenauigkeiten und Tippfehlern ist. Wir k\u00f6nnen auch nicht garantieren, dass alle Informationen auf dem neuesten Stand sind. Partyshoe ist berechtigt, den Inhalt der Seite jederzeit zu \u00e4ndern.<br \/>Die Farben auf Ihrem Bildschirm k\u00f6nnen von denen des Originalprodukts abweichen. Dies h\u00e4ngt unter anderem von Ihren Computereinstellungen ab. Wir bem\u00fchen uns, die richtigen Farben in unserem Webshop anzuzeigen.<\/p><p><strong>Zahlung<\/strong><br \/>Alle Preise sind in Euro und beinhalten die niederl\u00e4ndische Mehrwertsteuer von 21% und verstehen sich zuz\u00fcglich Versandkosten.<br \/>Wir akzeptieren Zahlungen per iDEAL (in den Niederlanden), PayPal, Mister Cash (in Belgien), Visa, MasterCard und Bank\u00fcberweisung.<br \/>Nachdem Sie Ihre Bestellung aufgegeben haben, erhalten Sie eine automatisch generierte Best\u00e4tigung per E-Mail.<br \/>Zahlungen werden von Sisow verarbeitet.<\/p><p><strong>Lieferung<\/strong><br \/>Die Artikel werden von PostNL geliefert. Nachdem Ihre Bestellung versandt wurde, erhalten Sie eine Sendungsverfolgungsnummer per E-Mail.<br \/>Die Lieferzeit beginnt, sobald Partyshoe die Zahlung des Kunden erhalten hat.<br \/>Alle Bestellungen werden innerhalb von 1-3 Werktagen nach Zahlungseingang versendet.<br \/>Wir haben von Montag bis Freitag und nicht an Feiertagen ge\u00f6ffnet.<br \/>Die Versandkosten f\u00fcr Bestellungen \u00fcber 50,- \u20ac sind kostenlos.<\/p><p><strong>R\u00fcckgaberecht<\/strong><br \/>Sie k\u00f6nnen einen Artikel innerhalb von 14 Tagen nach Lieferung des Artikels zur\u00fccksenden.<br \/>Ein zur\u00fcckgegebener Artikel muss immer gem\u00e4\u00df dem R\u00fcckgabeverfahren gemeldet und gesendet werden, da sich sonst die R\u00fcckerstattung verz\u00f6gern kann. Die Artikel m\u00fcssen innerhalb von 14 Tagen nach Aufforderung zur R\u00fcckgabe der betreffenden Artikel an das Lager geliefert werden.<br \/>Die Ware ist in einwandfreiem Zustand an uns zur\u00fcckzusenden. R\u00fccksendungen werden nur akzeptiert, wenn alle Etiketten intakt und angebracht sind.<br \/>Partyshoe nimmt keine Artikel an, deren Etiketten fehlen. Nach Ablauf der 14 Tage geht Partyshoe davon aus, dass der Kunde mit der Bestellung zufrieden ist. Wir empfehlen Ihnen, die R\u00fccksendung mit einer Sendungsverfolgungsnummer zu versehen. Partyshoe haftet nicht f\u00fcr Sch\u00e4den, Diebstahl oder Verlust. Alle Lieferungen erfolgen vorbehaltlich der Verf\u00fcgbarkeit. Defekte Artikel werden je nach Verf\u00fcgbarkeit gegen ein Produkt der gleichen Art in der gleichen Farbe und Gr\u00f6\u00dfe umgetauscht. R\u00fcckerstattungen f\u00fcr fehlerhafte Artikel erfolgen innerhalb von 30 Tagen nach Lieferung.<\/p><p><strong>Beschwerden<\/strong><br \/>Kunden, die eine Beschwerde einreichen m\u00f6chten, sollten sich immer zuerst an die Kundendienstabteilung wenden.<br \/>Artikel k\u00f6nnen in unserem Shop nicht umgetauscht oder zur\u00fcckgegeben werden.<\/p><p><strong>H\u00f6here Gewalt<\/strong><br \/>Im Falle h\u00f6herer Gewalt ist Partyshoe berechtigt, den Vertrag zwischen Partyshoe und dem Kunden aufzul\u00f6sen. H\u00f6here Gewalt ist ein schwerwiegendes Hindernis bei Partyshoe oder Transportstillstand.<\/p><p><strong>Geistiges Eigentum<\/strong><br \/>Diese Website und alle Subdomains sind geistiges Eigentum von Partyshoe; Nichts darf ohne Zustimmung von Partyshoe kopiert oder verwendet werden.<\/p><p><strong>Privatsph\u00e4re<\/strong><br \/>Personenbezogene Daten werden mit Sorgfalt gespeichert und behandelt; sie werden nicht an Dritte weitergegeben und nur f\u00fcr die Lieferung Ihrer Bestellung verwendet.<\/p><p><strong>Kekse<\/strong><br \/>Diese Website verwendet Cookies, um die Nutzung f\u00fcr Besucher zu vereinfachen. Cookies sorgen daf\u00fcr, dass Ihr ausgew\u00e4hltes Land gespeichert wird, der Inhalt Ihres Warenkorbs gespeichert wird und Sie eingeloggt bleiben.<\/p><p><strong>Alle Rechte vorbehalten<\/strong><br \/>S\u00e4mtliches Material auf den Seiten von www.pshoe.development.bladewp.com ist urheberrechtlich gesch\u00fctzt. Ohne vorherige ausdr\u00fcckliche schriftliche Genehmigung d\u00fcrfen sie f\u00fcr keinerlei Zwecke verwendet werden.<\/p>\t\t\t\t\t\t\t\t<\/div>\n\t\t\t\t<\/div>\n\t\t\t\t\t<\/div>\n\t\t<\/div>\n\t\t\t\t\t<\/div>\n\t\t<\/section>\n\t\t\t\t<\/div>","protected":false},"excerpt":{"rendered":"<p>Terms &amp; Conditions Webshop Partyshoe (hereinafter: \u201cPartyshoe\u201d) is a company listed in the Trade Register of the Chamber of Commerce under file number 65438418 and VAT numberNL856112501B01. Contact e-mail info@partyshoe.com These general terms and conditions apply to all purchasing and sales agreements concluded by PartyShoe. No agreement can be created without your agreement to these [&hellip;]<\/p>\n","protected":false},"author":1,"featured_media":0,"parent":0,"menu_order":0,"comment_status":"closed","ping_status":"closed","template":"elementor_header_footer","meta":{"_acf_changed":false,"footnotes":""},"class_list":["post-229","page","type-page","status-publish","hentry"],"acf":[],"_links":{"self":[{"href":"https:\/\/partyshoe.com\/de\/wp-json\/wp\/v2\/pages\/229","targetHints":{"allow":["GET"]}}],"collection":[{"href":"https:\/\/partyshoe.com\/de\/wp-json\/wp\/v2\/pages"}],"about":[{"href":"https:\/\/partyshoe.com\/de\/wp-json\/wp\/v2\/types\/page"}],"author":[{"embeddable":true,"href":"https:\/\/partyshoe.com\/de\/wp-json\/wp\/v2\/users\/1"}],"replies":[{"embeddable":true,"href":"https:\/\/partyshoe.com\/de\/wp-json\/wp\/v2\/comments?post=229"}],"version-history":[{"count":5,"href":"https:\/\/partyshoe.com\/de\/wp-json\/wp\/v2\/pages\/229\/revisions"}],"predecessor-version":[{"id":869,"href":"https:\/\/partyshoe.com\/de\/wp-json\/wp\/v2\/pages\/229\/revisions\/869"}],"wp:attachment":[{"href":"https:\/\/partyshoe.com\/de\/wp-json\/wp\/v2\/media?parent=229"}],"curies":[{"name":"wp","href":"https:\/\/api.w.org\/{rel}","templated":true}]}}