{"id":3,"date":"2022-09-16T07:39:24","date_gmt":"2022-09-16T05:39:24","guid":{"rendered":"https:\/\/partyshoe.com\/?page_id=3"},"modified":"2022-09-29T13:53:20","modified_gmt":"2022-09-29T11:53:20","slug":"privacy-policy","status":"publish","type":"page","link":"https:\/\/partyshoe.com\/de\/privacy-policy\/","title":{"rendered":"Datenschutz-Bestimmungen"},"content":{"rendered":"<div data-elementor-type=\"wp-page\" data-elementor-id=\"3\" class=\"elementor elementor-3\" data-elementor-post-type=\"page\">\n\t\t\t\t\t\t<section data-dce-background-overlay-image-url=\"https:\/\/partyshoe.com\/wp-content\/uploads\/2022\/09\/Partyshoe-Favicon-White.svg\" class=\"elementor-section elementor-top-section elementor-element elementor-element-723e35b elementor-section-height-min-height elementor-section-boxed elementor-section-height-default elementor-section-items-middle\" data-id=\"723e35b\" data-element_type=\"section\" data-e-type=\"section\" data-settings=\"{&quot;background_background&quot;:&quot;gradient&quot;,&quot;shape_divider_bottom&quot;:&quot;tilt&quot;}\">\n\t\t\t\t\t\t\t<div class=\"elementor-background-overlay\"><\/div>\n\t\t\t\t\t\t<div class=\"elementor-shape elementor-shape-bottom\" aria-hidden=\"true\" data-negative=\"false\">\n\t\t\t<svg xmlns=\"http:\/\/www.w3.org\/2000\/svg\" viewbox=\"0 0 1000 100\" preserveaspectratio=\"none\">\n\t<path class=\"elementor-shape-fill\" d=\"M0,6V0h1000v100L0,6z\"\/>\n<\/svg>\t\t<\/div>\n\t\t\t\t\t<div class=\"elementor-container elementor-column-gap-default\">\n\t\t\t\t\t<div class=\"elementor-column elementor-col-100 elementor-top-column elementor-element elementor-element-01cda35\" data-id=\"01cda35\" data-element_type=\"column\" data-e-type=\"column\">\n\t\t\t<div class=\"elementor-widget-wrap elementor-element-populated\">\n\t\t\t\t\t\t<div class=\"elementor-element elementor-element-62297a2 elementor-widget elementor-widget-heading\" data-id=\"62297a2\" data-element_type=\"widget\" data-e-type=\"widget\" data-widget_type=\"heading.default\">\n\t\t\t\t<div class=\"elementor-widget-container\">\n\t\t\t\t\t<h1 class=\"elementor-heading-title elementor-size-default\">Datenschutz-Bestimmungen<\/h1>\t\t\t\t<\/div>\n\t\t\t\t<\/div>\n\t\t\t\t\t<\/div>\n\t\t<\/div>\n\t\t\t\t\t<\/div>\n\t\t<\/section>\n\t\t\t\t<section class=\"elementor-section elementor-top-section elementor-element elementor-element-08eefd5 elementor-section-content-middle elementor-section-boxed elementor-section-height-default elementor-section-height-default\" data-id=\"08eefd5\" data-element_type=\"section\" data-e-type=\"section\">\n\t\t\t\t\t\t<div class=\"elementor-container elementor-column-gap-default\">\n\t\t\t\t\t<div class=\"elementor-column elementor-col-100 elementor-top-column elementor-element elementor-element-e6c13e5\" data-id=\"e6c13e5\" data-element_type=\"column\" data-e-type=\"column\">\n\t\t\t<div class=\"elementor-widget-wrap elementor-element-populated\">\n\t\t\t\t\t\t<div class=\"elementor-element elementor-element-86d5830 elementor-widget elementor-widget-text-editor\" data-id=\"86d5830\" data-element_type=\"widget\" data-e-type=\"widget\" data-widget_type=\"text-editor.default\">\n\t\t\t\t<div class=\"elementor-widget-container\">\n\t\t\t\t\t\t\t\t\t<p>Partyshoe.com k\u00fcmmert sich um Ihre Privatsph\u00e4re. Wir verarbeiten daher nur Daten, die wir f\u00fcr die (Verbesserung) unserer Dienste ben\u00f6tigen, und wir gehen sorgf\u00e4ltig mit den Informationen um, die wir \u00fcber Sie und Ihre Nutzung unserer Dienste gesammelt haben. Wir stellen Ihre Daten niemals zu kommerziellen Zwecken Dritten zur Verf\u00fcgung.<\/p>\n<p>Diese Datenschutzerkl\u00e4rung gilt f\u00fcr die Nutzung der Website und der von Partyshoe.com bereitgestellten Dienste. Stichtag f\u00fcr die Geltung dieser Bedingungen ist der 20.04.2018, mit Erscheinen einer neuen Fassung erlischt die G\u00fcltigkeit aller vorherigen Fassungen. Diese Datenschutzerkl\u00e4rung beschreibt, welche Daten \u00fcber Sie von uns erfasst werden, wof\u00fcr diese Daten verwendet werden und mit wem und unter welchen Bedingungen diese Daten an Dritte weitergegeben werden k\u00f6nnen. Au\u00dferdem erl\u00e4utern wir Ihnen, wie wir Ihre Daten speichern und wie wir Ihre Daten vor Missbrauch sch\u00fctzen und welche Rechte Sie in Bezug auf die uns von Ihnen zur Verf\u00fcgung gestellten personenbezogenen Daten haben.<\/p>\n<p>Wenn Sie Fragen zu unserer Datenschutzerkl\u00e4rung haben, k\u00f6nnen Sie sich an unseren Ansprechpartner f\u00fcr Datenschutzangelegenheiten wenden, die Kontaktdaten finden Sie am Ende unserer Datenschutzerkl\u00e4rung.<\/p>\n<p>\u00a0<\/p>\n<p><strong>\u00dcber die Datenverarbeitung<\/strong><br \/>Nachfolgend k\u00f6nnen Sie nachlesen, wie wir Ihre Daten verarbeiten, wo wir sie speichern (oder speichern lassen), welche Sicherheitstechniken wir verwenden und f\u00fcr wen die Daten transparent sind.<\/p>\n<p>\u00a0<\/p>\n<p><strong>Online-Shop-Software<\/strong><\/p>\n<p><strong>WordPress<\/strong><br \/>Unser Webshop wurde mit Software von WordPress entwickelt. Personenbezogene Daten, die Sie uns f\u00fcr unsere Dienstleistungen zur Verf\u00fcgung stellen, werden mit dieser Partei geteilt. WordPress hat Zugriff auf Ihre Daten, um uns (technischen) Support zu leisten, sie werden Ihre Daten niemals f\u00fcr andere Zwecke verwenden. WordPress ist aufgrund der Vereinbarung, die wir mit ihnen geschlossen haben, verpflichtet, angemessene Sicherheitsma\u00dfnahmen zu ergreifen. WordPress verwendet Cookies, um technische Informationen \u00fcber Ihre Nutzung der Software zu sammeln, es werden keine personenbezogenen Daten gesammelt und\/oder gespeichert.<\/p>\n<p>\u00a0<\/p>\n<p><strong>Web-Hosting<\/strong><\/p>\n<p><strong>Neostrada<\/strong><br \/>Wir kaufen Webhosting und E-Mail-Dienste von Neostrada. Neostrada verarbeitet personenbezogene Daten in unserem Auftrag und verwendet Ihre Daten nicht f\u00fcr eigene Zwecke. Diese Partei kann jedoch Metadaten \u00fcber die Nutzung der Dienste sammeln. Dies sind keine personenbezogenen Daten. Neostrada hat geeignete technische und organisatorische Ma\u00dfnahmen ergriffen, um den Verlust und die unbefugte Nutzung Ihrer personenbezogenen Daten zu verhindern. Neostrada ist im Rahmen der Vereinbarung zur Geheimhaltung verpflichtet.<\/p>\n<p>\u00a0<\/p>\n<p><strong>E-Mail und Mailinglisten<\/strong><\/p>\n<p><strong>MailChimp<\/strong><br \/>Wir versenden unsere E-Mail-Newsletter mit MailChimp. MailChimp wird Ihren Namen und Ihre E-Mail-Adresse niemals f\u00fcr eigene Zwecke verwenden. Am Ende jeder E-Mail, die automatisch \u00fcber unsere Website gesendet wird, finden Sie den Link \u201eAbbestellen\u201c. Sie erhalten dann unseren Newsletter nicht mehr. Ihre pers\u00f6nlichen Daten werden von MailChimp sicher gespeichert. MailChimp verwendet Cookies und andere Internettechnologien, die Aufschluss dar\u00fcber geben, ob E-Mails ge\u00f6ffnet und gelesen werden. MailChimp beh\u00e4lt sich das Recht vor, Ihre Daten zur weiteren Verbesserung des Dienstes zu verwenden und in diesem Zusammenhang Informationen an Dritte weiterzugeben.<\/p>\n<p>\u00a0<\/p>\n<p><strong>Zahlungsabwickler<\/strong><\/p>\n<p><strong>Mollie<\/strong><br \/>Wir verwenden die Mollie-Plattform, um (einen Teil) der Zahlungen in unserem Webshop abzuwickeln. Mollie verarbeitet Ihren Namen, Ihre Adresse und Ihre Wohnortdaten sowie Ihre Zahlungsdaten wie Ihr Bankkonto oder Ihre Kreditkartennummer. Mollie hat geeignete technische und organisatorische Ma\u00dfnahmen ergriffen, um Ihre personenbezogenen Daten zu sch\u00fctzen. Mollie beh\u00e4lt sich das Recht vor, Ihre Daten zur weiteren Verbesserung des Dienstes zu verwenden und in diesem Zusammenhang (anonymisierte) Daten an Dritte weiterzugeben. Alle oben genannten Garantien in Bezug auf den Schutz Ihrer personenbezogenen Daten gelten auch f\u00fcr die Teile der Dienste von Mollie, f\u00fcr die sie Dritte beauftragen. Mollie speichert Ihre Daten nicht l\u00e4nger als gesetzlich zul\u00e4ssig.<\/p>\n<p>\u00a0<\/p>\n<p><strong>Bewertungen<\/strong><\/p>\n<p><strong>WebwinkelKeur<\/strong><br \/>Wir sammeln Bewertungen \u00fcber die WebwinkelKeur-Plattform. Wenn Sie eine Bewertung \u00fcber WebwinkelKeur hinterlassen, sind Sie verpflichtet, Ihren Namen, Wohnort und Ihre E-Mail-Adresse anzugeben. WebwinkelKeur teilt diese Informationen mit uns, damit wir die Bewertung mit Ihrer Bestellung verkn\u00fcpfen k\u00f6nnen. WebwinkelKeur ver\u00f6ffentlicht auch Ihren Namen und Wohnort auf der eigenen Website. In einigen F\u00e4llen kann sich WebwinkelKeur mit Ihnen in Verbindung setzen, um Ihre Bewertung zu erl\u00e4utern. F\u00fcr den Fall, dass wir Sie einladen, eine Bewertung abzugeben, teilen wir Ihren Namen und Ihre E-Mail-Adresse mit WebwinkelKeur. Sie verwenden diese Informationen nur, um Sie einzuladen, eine Bewertung abzugeben. WebwinkelKeur hat geeignete technische und organisatorische Ma\u00dfnahmen ergriffen, um Ihre personenbezogenen Daten zu sch\u00fctzen. WebwinkelKeur beh\u00e4lt sich das Recht vor, Dritte mit der Erbringung der Dienstleistung zu beauftragen, f\u00fcr die wir WebwinkelKeur die Erlaubnis erteilt haben. Alle oben genannten Garantien in Bezug auf den Schutz Ihrer personenbezogenen Daten gelten auch f\u00fcr die Teile des Dienstes, f\u00fcr die WebwinkelKeur Dritte einsetzt.<\/p>\n<p><strong>\u00a0<\/strong><\/p>\n<p><strong>Versand und Logistik<\/strong><\/p>\n<p><strong>PostNL<\/strong><br \/>Wenn Sie bei uns eine Bestellung aufgeben, ist es unsere Aufgabe, Ihr Paket an Sie liefern zu lassen. Wir nutzen die Dienste von PostNL, um die Lieferungen durchzuf\u00fchren. Es ist daher erforderlich, dass wir Ihren Namen, Ihre Adresse und Ihre Wohnortdaten an PostNL weitergeben. PostNL verwendet diese Informationen nur zum Zweck der Vertragsabwicklung. F\u00fcr den Fall, dass PostNL Subunternehmer beauftragt, stellt PostNL Ihre Daten auch diesen Parteien zur Verf\u00fcgung.<\/p>\n<p>\u00a0<\/p>\n<p><strong>Rechnungsstellung und Buchhaltung<\/strong><\/p>\n<p><strong>Geldvogel<\/strong><br \/>Wir nutzen die Dienste von MoneyBird f\u00fcr unsere Aufzeichnungen unserer Verwaltung und Buchhaltung. Wir teilen Ihren Namen, Ihre Adresse und Ihren Wohnort sowie Angaben zu Ihrer Bestellung. Diese Daten werden f\u00fcr die Verwaltung von Verkaufsrechnungen verwendet. Ihre personenbezogenen Daten werden gesch\u00fctzt gesendet und gespeichert, MoneyBird hat die notwendigen technischen und organisatorischen Ma\u00dfnahmen getroffen, um Ihre Daten vor Verlust und unbefugter Nutzung zu sch\u00fctzen. MoneyBird ist zur Verschwiegenheit verpflichtet und wird Ihre Angaben vertraulich behandeln. MoneyBird verwendet Ihre personenbezogenen Daten nicht f\u00fcr andere als die oben beschriebenen Zwecke.<\/p>\n<p>\u00a0<\/p>\n<p><strong>Externe Vertriebskan\u00e4le<\/strong><\/p>\n<p><strong>Bol.com<\/strong><br \/>Wir verkaufen (einen Teil) unserer Artikel \u00fcber die Plattform Bol.com. Wenn Sie \u00fcber diese Plattform eine Bestellung aufgeben, teilt Bol.com Ihre Bestell- und personenbezogenen Daten mit uns. Wir verwenden diese Informationen, um Ihre Bestellung zu bearbeiten. Wir behandeln Ihre Daten vertraulich und haben geeignete technische und organisatorische Ma\u00dfnahmen getroffen, um Ihre Daten vor Verlust und unbefugter Nutzung zu sch\u00fctzen.<\/p>\n<p><strong>Angezogen werden<\/strong><br \/>Wir verkaufen (einen Teil) unserer Artikel \u00fcber die Plattform von To Be Dressed. Wenn Sie \u00fcber diese Plattform eine Bestellung aufgeben, teilt To Be Dressed Ihre Bestell- und personenbezogenen Daten mit uns. Wir verwenden diese Informationen, um Ihre Bestellung zu bearbeiten. Wir behandeln Ihre Daten vertraulich und haben geeignete technische und organisatorische Ma\u00dfnahmen getroffen, um Ihre Daten vor Verlust und unbefugter Nutzung zu sch\u00fctzen.<\/p>\n<p>\u00a0<\/p>\n<p><strong>Zweck der Datenverarbeitung<\/strong><\/p>\n<p><strong>Allgemeiner Zweck der Verarbeitung<\/strong><br \/>Wir verwenden Ihre Daten nur zum Zweck unserer Dienstleistungen. Das bedeutet, dass der Zweck der Verarbeitung immer in direktem Zusammenhang mit der von Ihnen erteilten Bestellung steht. Wir verwenden Ihre Daten nicht f\u00fcr (gezieltes) Marketing. Wenn Sie Informationen an uns weitergeben und wir diese Informationen verwenden, um Sie \u2013 au\u00dfer auf Ihren Wunsch hin \u2013 zu einem sp\u00e4teren Zeitpunkt zu kontaktieren, werden wir Sie um Ihre ausdr\u00fcckliche Zustimmung bitten. Ihre Daten werden nicht an Dritte weitergegeben, au\u00dfer zur Erf\u00fcllung von Buchhaltungs- und anderen Verwaltungspflichten. Diese Dritten werden alle aufgrund der Vereinbarung zwischen ihnen und uns oder eines Eids oder einer gesetzlichen Verpflichtung vertraulich behandelt.<\/p>\n<p><strong>Automatisch gesammelte Daten<\/strong><br \/>Die von unserer Website automatisch erfassten Daten werden mit dem Ziel verarbeitet, unsere Dienste weiter zu verbessern. Diese Daten (beispielsweise Ihre IP-Adresse, Ihr Webbrowser und Ihr Betriebssystem) sind keine personenbezogenen Daten.<\/p>\n<p><strong>Zusammenarbeit bei Steuer- und Strafermittlungen<\/strong><br \/>In einigen F\u00e4llen kann Partyshoe.com aufgrund einer gesetzlichen Verpflichtung gehalten werden, Ihre Daten im Zusammenhang mit staatlichen Steuer- oder strafrechtlichen Ermittlungen weiterzugeben. In einem solchen Fall sind wir gezwungen, Ihre Daten weiterzugeben, aber wir werden uns im Rahmen der gesetzlichen M\u00f6glichkeiten dagegen wehren.<\/p>\n<p><strong>Aufbewahrungsfristen<\/strong><br \/>Wir speichern Ihre Daten, solange Sie Kunde bei uns sind. Das bedeutet, dass wir Ihr Kundenprofil aufbewahren, bis Sie angeben, dass Sie unsere Dienste nicht mehr nutzen m\u00f6chten. Wenn Sie uns dies mitteilen, betrachten wir dies auch als Vergessensanforderung. Aufgrund geltender Verwaltungspflichten m\u00fcssen wir Rechnungen mit Ihren (pers\u00f6nlichen) Daten aufbewahren, daher werden wir diese Daten so lange aufbewahren, wie die geltende Frist l\u00e4uft. Mitarbeiter haben jedoch keinen Zugriff mehr auf Ihr Kundenprofil und Dokumente, die wir als Reaktion auf Ihren Auftrag erstellt haben.<\/p>\n<p><strong>Deine Rechte<\/strong><br \/>Auf der Grundlage der geltenden niederl\u00e4ndischen und europ\u00e4ischen Gesetzgebung haben Sie als betroffene Person bestimmte Rechte in Bezug auf die von uns oder in unserem Auftrag verarbeiteten personenbezogenen Daten. Nachfolgend erl\u00e4utern wir, welche Rechte dies sind und wie Sie diese Rechte geltend machen k\u00f6nnen.<\/p>\n<p>Um Missbrauch vorzubeugen, versenden wir grunds\u00e4tzlich nur Kopien und Kopien Ihrer Daten an Ihre uns bereits bekannte E-Mail-Adresse. F\u00fcr den Fall, dass Sie die Daten an eine andere E-Mail-Adresse oder beispielsweise per Post erhalten m\u00f6chten, werden wir Sie bitten, sich zu identifizieren. Wir f\u00fchren Aufzeichnungen \u00fcber abgeschlossene Anfragen, im Falle einer vergessenen Anfrage verwalten wir anonymisierte Daten. Sie erhalten alle Kopien und Kopien von Daten in dem maschinenlesbaren Datenformat, das wir innerhalb unserer Systeme verwenden. Sie haben jederzeit das Recht, eine Beschwerde bei der niederl\u00e4ndischen Datenschutzbeh\u00f6rde einzureichen, wenn Sie vermuten, dass wir Ihre personenbezogenen Daten falsch verwenden.<\/p>\n<p>\u00a0<\/p>\n<p><strong>Zugangsrecht<\/strong><br \/>Sie haben jederzeit das Recht auf Einsicht in die Daten, die wir verarbeiten oder verarbeiten lassen und die sich auf Ihre Person beziehen oder zu Ihnen zur\u00fcckverfolgt werden k\u00f6nnen. Sie k\u00f6nnen eine entsprechende Anfrage an unseren Ansprechpartner f\u00fcr Datenschutzfragen richten. Sie erhalten dann innerhalb von 30 Tagen eine Antwort auf Ihre Anfrage. Wenn Ihrem Antrag stattgegeben wird, senden wir Ihnen eine Kopie aller Daten mit einer \u00dcbersicht der Auftragsverarbeiter, die \u00fcber diese Daten verf\u00fcgen, an die uns bekannte E-Mail-Adresse, unter Angabe der Kategorie, unter der wir diese Daten gespeichert haben.<\/p>\n<p>\u00a0<\/p>\n<p><strong>Richtige Korrektur<\/strong><br \/>Sie haben jederzeit das Recht, die von uns verarbeiteten oder verarbeiteten Daten, die sich auf Ihre Person beziehen oder zu Ihnen zur\u00fcckverfolgt werden k\u00f6nnen, berichtigen zu lassen. Sie k\u00f6nnen eine entsprechende Anfrage an unseren Ansprechpartner f\u00fcr Datenschutzfragen richten. Sie erhalten dann innerhalb von 30 Tagen eine Antwort auf Ihre Anfrage. Wenn Ihrem Antrag stattgegeben wird, senden wir Ihnen eine Best\u00e4tigung, dass die Daten an die uns bekannte E-Mail-Adresse angepasst wurden.<\/p>\n<p>\u00a0<\/p>\n<p><strong>Recht auf Einschr\u00e4nkung der Verarbeitung<\/strong><br \/>Sie haben jederzeit das Recht auf Einschr\u00e4nkung der von uns verarbeiteten oder verarbeiteten Daten, die sich auf Ihre Person beziehen oder auf Sie zur\u00fcckf\u00fchrbar sind. Sie k\u00f6nnen eine entsprechende Anfrage an unseren Ansprechpartner f\u00fcr Datenschutzfragen richten. Sie erhalten dann innerhalb von 30 Tagen eine Antwort auf Ihre Anfrage. Wenn Ihrem Antrag stattgegeben wird, senden wir Ihnen eine Best\u00e4tigung an die uns bekannte E-Mail-Adresse, dass die Daten nicht mehr verarbeitet werden, bis Sie die Einschr\u00e4nkung aufheben.<\/p>\n<p>\u00a0<\/p>\n<p><strong>Recht auf \u00dcbertragbarkeit<\/strong><br \/>Sie haben jederzeit das Recht, die Daten, die wir verarbeiten oder verarbeiten lassen und die sich auf Ihre Person beziehen oder zu Ihnen zur\u00fcckverfolgt werden k\u00f6nnen, durch einen Dritten verarbeiten zu lassen. Sie k\u00f6nnen eine entsprechende Anfrage an unseren Ansprechpartner f\u00fcr Datenschutzfragen richten. Sie erhalten dann innerhalb von 30 Tagen eine Antwort auf Ihre Anfrage. Wenn Ihrem Antrag stattgegeben wird, senden wir Ihnen Kopien oder Kopien aller Daten \u00fcber Sie, die wir verarbeitet haben oder die in unserem Auftrag von anderen Auftragsverarbeitern oder Dritten verarbeitet wurden, an die uns bekannte E-Mail-Adresse. Aller Voraussicht nach k\u00f6nnen wir den Dienst in einem solchen Fall nicht mehr fortsetzen, da dann die sichere Verkn\u00fcpfung von Dateien nicht mehr gew\u00e4hrleistet werden kann.<\/p>\n<p>\u00a0<\/p>\n<p><strong>Widerspruchsrecht und sonstige Rechte<\/strong><br \/>In einigen F\u00e4llen haben Sie das Recht, der Verarbeitung Ihrer personenbezogenen Daten durch oder im Auftrag von Partyshoe.com zu widersprechen. Wenn Sie widersprechen, werden wir die Datenverarbeitung bis zur Bearbeitung Ihres Widerspruchs unverz\u00fcglich einstellen. Bei berechtigtem Widerspruch werden wir Ihnen Kopien und\/oder Kopien von Daten, die wir verarbeiten oder verarbeiten lassen, zur Verf\u00fcgung stellen und die Verarbeitung dann dauerhaft einstellen.<\/p>\n<p>Sie haben auch das Recht, nicht einer automatisierten Entscheidungsfindung im Einzelfall oder einem Profiling unterworfen zu werden. Wir verarbeiten Ihre Daten nicht so, dass dieses Recht zutrifft. Wenn Sie der Meinung sind, dass dies der Fall ist, wenden Sie sich bitte an unseren Ansprechpartner f\u00fcr Datenschutzfragen.<\/p>\n<p>\u00a0<\/p>\n<p><strong>Cookies von Google Analytics<\/strong><br \/>\u00dcber unsere Website werden Cookies vom amerikanischen Unternehmen Google im Rahmen des Dienstes \u201eAnalytics\u201c platziert. Wir verwenden diesen Dienst, um zu verfolgen und Berichte dar\u00fcber zu erhalten, wie Besucher die Website nutzen.<\/p>\n<p>Dieser Auftragsverarbeiter kann aufgrund geltender Gesetze und Vorschriften verpflichtet sein, Zugang zu diesen Daten zu gew\u00e4hren. Wir haben Google nicht gestattet, die erhaltenen Analyseinformationen f\u00fcr andere Google-Dienste zu verwenden.<\/p>\n<p>\u00a0<\/p>\n<p><strong>Cookies von Drittanbietern<\/strong><br \/>F\u00fcr den Fall, dass Software von Drittanbietern Cookies verwendet, wird dies in dieser Datenschutzerkl\u00e4rung angegeben.<\/p>\n<p><br \/><strong>\u00c4nderungen der Datenschutzrichtlinie<\/strong><br \/>Wir behalten uns das Recht vor, unsere Datenschutzerkl\u00e4rung jederzeit zu \u00e4ndern. Auf dieser Seite finden Sie jedoch immer die aktuellste Version. Wenn die neue Datenschutzerkl\u00e4rung Auswirkungen auf die Art und Weise hat, wie wir bereits erhobene Daten \u00fcber Sie verarbeiten, werden wir Sie per E-Mail informieren.<\/p>\n<p>\u00a0<\/p>\n<p><strong>Kontaktdetails<\/strong><br \/><span style=\"text-decoration: underline;\">Partyschuh.com<\/span><br \/>De Trompet 1757, 1967 DB Heemskerk<br \/><strong>T<\/strong> <span style=\"color: #59d600;\"><a style=\"color: #59d600;\" href=\"Tel: 0251338050\">0251 33 80 50<\/a><\/span><br \/><strong>E\u00a0<\/strong><span style=\"color: #59d600;\"><a style=\"color: #59d600;\" href=\"mailto:info@ledschoenen.nl\">info@partyshoe.com<\/a><\/span><\/p>\n<p>\u00a0<\/p>\n<p><strong>Ansprechpartner f\u00fcr Datenschutzangelegenheiten<\/strong><br \/>Bart Leegwater<\/p>\t\t\t\t\t\t\t\t<\/div>\n\t\t\t\t<\/div>\n\t\t\t\t\t<\/div>\n\t\t<\/div>\n\t\t\t\t\t<\/div>\n\t\t<\/section>\n\t\t\t\t<\/div>","protected":false},"excerpt":{"rendered":"<p>Privacy Policy Partyshoe.com cares about your privacy. We therefore only process data that we need for (improving) our services and we handle the information we have collected about you and your use of our services with care. We never make your data available to third parties for commercial purposes. This privacy policy applies to the [&hellip;]<\/p>\n","protected":false},"author":1,"featured_media":0,"parent":0,"menu_order":0,"comment_status":"closed","ping_status":"closed","template":"","meta":{"_acf_changed":false,"footnotes":""},"class_list":["post-3","page","type-page","status-publish","hentry"],"acf":[],"_links":{"self":[{"href":"https:\/\/partyshoe.com\/de\/wp-json\/wp\/v2\/pages\/3","targetHints":{"allow":["GET"]}}],"collection":[{"href":"https:\/\/partyshoe.com\/de\/wp-json\/wp\/v2\/pages"}],"about":[{"href":"https:\/\/partyshoe.com\/de\/wp-json\/wp\/v2\/types\/page"}],"author":[{"embeddable":true,"href":"https:\/\/partyshoe.com\/de\/wp-json\/wp\/v2\/users\/1"}],"replies":[{"embeddable":true,"href":"https:\/\/partyshoe.com\/de\/wp-json\/wp\/v2\/comments?post=3"}],"version-history":[{"count":17,"href":"https:\/\/partyshoe.com\/de\/wp-json\/wp\/v2\/pages\/3\/revisions"}],"predecessor-version":[{"id":868,"href":"https:\/\/partyshoe.com\/de\/wp-json\/wp\/v2\/pages\/3\/revisions\/868"}],"wp:attachment":[{"href":"https:\/\/partyshoe.com\/de\/wp-json\/wp\/v2\/media?parent=3"}],"curies":[{"name":"wp","href":"https:\/\/api.w.org\/{rel}","templated":true}]}}