{"id":31,"date":"2022-09-16T12:24:21","date_gmt":"2022-09-16T10:24:21","guid":{"rendered":"https:\/\/partyshoe.com\/?page_id=31"},"modified":"2022-09-29T13:56:02","modified_gmt":"2022-09-29T11:56:02","slug":"collection","status":"publish","type":"page","link":"https:\/\/partyshoe.com\/de\/collection\/","title":{"rendered":"Sammlung"},"content":{"rendered":"<div data-elementor-type=\"wp-page\" data-elementor-id=\"31\" class=\"elementor elementor-31\" data-elementor-post-type=\"page\">\n\t\t\t\t\t\t<section data-dce-background-image-url=\"https:\/\/partyshoe.com\/wp-content\/uploads\/2022\/09\/partyshoe-bg_overlay.jpg\" data-dce-background-overlay-image-url=\"https:\/\/partyshoe.com\/wp-content\/uploads\/2022\/09\/Partyshoe-Favicon-White.svg\" class=\"elementor-section elementor-top-section elementor-element elementor-element-64653f1 elementor-section-height-min-height elementor-section-boxed elementor-section-height-default elementor-section-items-middle\" data-id=\"64653f1\" data-element_type=\"section\" data-e-type=\"section\" data-settings=\"{&quot;background_background&quot;:&quot;classic&quot;,&quot;shape_divider_bottom&quot;:&quot;tilt&quot;}\">\n\t\t\t\t\t\t\t<div class=\"elementor-background-overlay\"><\/div>\n\t\t\t\t\t\t<div class=\"elementor-shape elementor-shape-bottom\" aria-hidden=\"true\" data-negative=\"false\">\n\t\t\t<svg xmlns=\"http:\/\/www.w3.org\/2000\/svg\" viewbox=\"0 0 1000 100\" preserveaspectratio=\"none\">\n\t<path class=\"elementor-shape-fill\" d=\"M0,6V0h1000v100L0,6z\"\/>\n<\/svg>\t\t<\/div>\n\t\t\t\t\t<div class=\"elementor-container elementor-column-gap-default\">\n\t\t\t\t\t<div class=\"elementor-column elementor-col-100 elementor-top-column elementor-element elementor-element-0f9bf26\" data-id=\"0f9bf26\" data-element_type=\"column\" data-e-type=\"column\">\n\t\t\t<div class=\"elementor-widget-wrap elementor-element-populated\">\n\t\t\t\t\t\t<div class=\"elementor-element elementor-element-c7f1fb5 elementor-widget elementor-widget-heading\" data-id=\"c7f1fb5\" data-element_type=\"widget\" data-e-type=\"widget\" data-widget_type=\"heading.default\">\n\t\t\t\t<div class=\"elementor-widget-container\">\n\t\t\t\t\t<h1 class=\"elementor-heading-title elementor-size-default\">Partyschuh-Kollektion<\/h1>\t\t\t\t<\/div>\n\t\t\t\t<\/div>\n\t\t\t\t\t<\/div>\n\t\t<\/div>\n\t\t\t\t\t<\/div>\n\t\t<\/section>\n\t\t\t\t<section class=\"elementor-section elementor-top-section elementor-element elementor-element-c17b12c elementor-section-content-middle elementor-section-boxed elementor-section-height-default elementor-section-height-default\" data-id=\"c17b12c\" data-element_type=\"section\" data-e-type=\"section\">\n\t\t\t\t\t\t<div class=\"elementor-container elementor-column-gap-default\">\n\t\t\t\t\t<div class=\"elementor-column elementor-col-100 elementor-top-column elementor-element elementor-element-7963efb\" data-id=\"7963efb\" data-element_type=\"column\" data-e-type=\"column\">\n\t\t\t<div class=\"elementor-widget-wrap elementor-element-populated\">\n\t\t\t\t\t\t<div data-dce-title-color=\"#59D600\" class=\"elementor-element elementor-element-d73e50d elementor-widget elementor-widget-heading\" data-id=\"d73e50d\" data-element_type=\"widget\" data-e-type=\"widget\" data-widget_type=\"heading.default\">\n\t\t\t\t<div class=\"elementor-widget-container\">\n\t\t\t\t\t<span class=\"elementor-heading-title elementor-size-default\">Partyschuh.com<\/span>\t\t\t\t<\/div>\n\t\t\t\t<\/div>\n\t\t\t\t<div class=\"elementor-element elementor-element-b94fa82 elementor-widget elementor-widget-heading\" data-id=\"b94fa82\" data-element_type=\"widget\" data-e-type=\"widget\" data-widget_type=\"heading.default\">\n\t\t\t\t<div class=\"elementor-widget-container\">\n\t\t\t\t\t<h1 class=\"elementor-heading-title elementor-size-default\">4 verschiedene Farben<\/h1>\t\t\t\t<\/div>\n\t\t\t\t<\/div>\n\t\t\t\t<section class=\"elementor-section elementor-inner-section elementor-element elementor-element-357699e elementor-section-content-space-evenly elementor-section-boxed elementor-section-height-default elementor-section-height-default\" data-id=\"357699e\" data-element_type=\"section\" data-e-type=\"section\">\n\t\t\t\t\t\t<div class=\"elementor-container elementor-column-gap-no\">\n\t\t\t\t\t<div class=\"elementor-column elementor-col-25 elementor-inner-column elementor-element elementor-element-bfa2070\" data-id=\"bfa2070\" data-element_type=\"column\" data-e-type=\"column\" data-settings=\"{&quot;background_background&quot;:&quot;classic&quot;}\">\n\t\t\t<div class=\"elementor-widget-wrap elementor-element-populated\">\n\t\t\t\t\t\t<div class=\"elementor-element elementor-element-875cbc1 dce_masking-none elementor-widget elementor-widget-image\" data-id=\"875cbc1\" data-element_type=\"widget\" data-e-type=\"widget\" data-widget_type=\"image.default\">\n\t\t\t\t<div class=\"elementor-widget-container\">\n\t\t\t\t\t\t\t\t\t\t\t\t\t\t\t\t<a href=\"\/de\/collection\/partyshoe-white\/\">\n\t\t\t\t\t\t\t<img fetchpriority=\"high\" decoding=\"async\" width=\"1080\" height=\"1080\" src=\"https:\/\/partyshoe.com\/wp-content\/uploads\/2022\/09\/Partyshoe_White_on.jpg\" class=\"elementor-animation-grow attachment-full size-full wp-image-129\" alt=\"Partyshoe_White_on\" srcset=\"https:\/\/partyshoe.com\/wp-content\/uploads\/2022\/09\/Partyshoe_White_on.jpg 1080w, https:\/\/partyshoe.com\/wp-content\/uploads\/2022\/09\/Partyshoe_White_on-300x300.jpg 300w, https:\/\/partyshoe.com\/wp-content\/uploads\/2022\/09\/Partyshoe_White_on-1024x1024.jpg 1024w, https:\/\/partyshoe.com\/wp-content\/uploads\/2022\/09\/Partyshoe_White_on-150x150.jpg 150w, https:\/\/partyshoe.com\/wp-content\/uploads\/2022\/09\/Partyshoe_White_on-768x768.jpg 768w\" sizes=\"(max-width: 1080px) 100vw, 1080px\" \/>\t\t\t\t\t\t\t\t<\/a>\n\t\t\t\t\t\t\t\t\t\t\t\t\t\t\t<\/div>\n\t\t\t\t<\/div>\n\t\t\t\t<div class=\"elementor-element elementor-element-fac4578 elementor-widget elementor-widget-heading\" data-id=\"fac4578\" data-element_type=\"widget\" data-e-type=\"widget\" data-widget_type=\"heading.default\">\n\t\t\t\t<div class=\"elementor-widget-container\">\n\t\t\t\t\t<h2 class=\"elementor-heading-title elementor-size-default\"><a href=\"\/de\/collection\/partyshoe-white\/\">LED Schuhe Wei\u00df<\/a><\/h2>\t\t\t\t<\/div>\n\t\t\t\t<\/div>\n\t\t\t\t\t<\/div>\n\t\t<\/div>\n\t\t\t\t<div class=\"elementor-column elementor-col-25 elementor-inner-column elementor-element elementor-element-bb44538\" data-id=\"bb44538\" data-element_type=\"column\" data-e-type=\"column\" data-settings=\"{&quot;background_background&quot;:&quot;classic&quot;}\">\n\t\t\t<div class=\"elementor-widget-wrap elementor-element-populated\">\n\t\t\t\t\t\t<div class=\"elementor-element elementor-element-f94be17 dce_masking-none elementor-widget elementor-widget-image\" data-id=\"f94be17\" data-element_type=\"widget\" data-e-type=\"widget\" data-widget_type=\"image.default\">\n\t\t\t\t<div class=\"elementor-widget-container\">\n\t\t\t\t\t\t\t\t\t\t\t\t\t\t\t\t<a href=\"\/de\/collection\/partyshoe-black\/\">\n\t\t\t\t\t\t\t<img decoding=\"async\" width=\"1080\" height=\"1080\" src=\"https:\/\/partyshoe.com\/wp-content\/uploads\/2022\/09\/Partyshoe_Black_on.jpg\" class=\"elementor-animation-grow attachment-full size-full wp-image-126\" alt=\"Partyshoe_Black_on\" srcset=\"https:\/\/partyshoe.com\/wp-content\/uploads\/2022\/09\/Partyshoe_Black_on.jpg 1080w, https:\/\/partyshoe.com\/wp-content\/uploads\/2022\/09\/Partyshoe_Black_on-300x300.jpg 300w, https:\/\/partyshoe.com\/wp-content\/uploads\/2022\/09\/Partyshoe_Black_on-1024x1024.jpg 1024w, https:\/\/partyshoe.com\/wp-content\/uploads\/2022\/09\/Partyshoe_Black_on-150x150.jpg 150w, https:\/\/partyshoe.com\/wp-content\/uploads\/2022\/09\/Partyshoe_Black_on-768x768.jpg 768w\" sizes=\"(max-width: 1080px) 100vw, 1080px\" \/>\t\t\t\t\t\t\t\t<\/a>\n\t\t\t\t\t\t\t\t\t\t\t\t\t\t\t<\/div>\n\t\t\t\t<\/div>\n\t\t\t\t<div class=\"elementor-element elementor-element-ba305df elementor-widget elementor-widget-heading\" data-id=\"ba305df\" data-element_type=\"widget\" data-e-type=\"widget\" data-widget_type=\"heading.default\">\n\t\t\t\t<div class=\"elementor-widget-container\">\n\t\t\t\t\t<h2 class=\"elementor-heading-title elementor-size-default\"><a href=\"\/de\/collection\/partyshoe-black\/\">LED Schuhe Schwarz<\/a><\/h2>\t\t\t\t<\/div>\n\t\t\t\t<\/div>\n\t\t\t\t\t<\/div>\n\t\t<\/div>\n\t\t\t\t<div class=\"elementor-column elementor-col-25 elementor-inner-column elementor-element elementor-element-91d119a\" data-id=\"91d119a\" data-element_type=\"column\" data-e-type=\"column\" data-settings=\"{&quot;background_background&quot;:&quot;classic&quot;}\">\n\t\t\t<div class=\"elementor-widget-wrap elementor-element-populated\">\n\t\t\t\t\t\t<div class=\"elementor-element elementor-element-0e97984 dce_masking-none elementor-widget elementor-widget-image\" data-id=\"0e97984\" data-element_type=\"widget\" data-e-type=\"widget\" data-widget_type=\"image.default\">\n\t\t\t\t<div class=\"elementor-widget-container\">\n\t\t\t\t\t\t\t\t\t\t\t\t\t\t\t\t<a href=\"\/de\/collection\/partyshoe-gold\/\">\n\t\t\t\t\t\t\t<img decoding=\"async\" width=\"1080\" height=\"1080\" src=\"https:\/\/partyshoe.com\/wp-content\/uploads\/2022\/09\/Partyshoe_Gold_on.jpg\" class=\"elementor-animation-grow attachment-full size-full wp-image-127\" alt=\"Partyshoe_Gold_on\" srcset=\"https:\/\/partyshoe.com\/wp-content\/uploads\/2022\/09\/Partyshoe_Gold_on.jpg 1080w, https:\/\/partyshoe.com\/wp-content\/uploads\/2022\/09\/Partyshoe_Gold_on-300x300.jpg 300w, https:\/\/partyshoe.com\/wp-content\/uploads\/2022\/09\/Partyshoe_Gold_on-1024x1024.jpg 1024w, https:\/\/partyshoe.com\/wp-content\/uploads\/2022\/09\/Partyshoe_Gold_on-150x150.jpg 150w, https:\/\/partyshoe.com\/wp-content\/uploads\/2022\/09\/Partyshoe_Gold_on-768x768.jpg 768w\" sizes=\"(max-width: 1080px) 100vw, 1080px\" \/>\t\t\t\t\t\t\t\t<\/a>\n\t\t\t\t\t\t\t\t\t\t\t\t\t\t\t<\/div>\n\t\t\t\t<\/div>\n\t\t\t\t<div class=\"elementor-element elementor-element-5348d7e elementor-widget elementor-widget-heading\" data-id=\"5348d7e\" data-element_type=\"widget\" data-e-type=\"widget\" data-widget_type=\"heading.default\">\n\t\t\t\t<div class=\"elementor-widget-container\">\n\t\t\t\t\t<h2 class=\"elementor-heading-title elementor-size-default\"><a href=\"\/de\/collection\/partyshoe-gold\/\">LED Schuhe Gold<\/a><\/h2>\t\t\t\t<\/div>\n\t\t\t\t<\/div>\n\t\t\t\t\t<\/div>\n\t\t<\/div>\n\t\t\t\t<div class=\"elementor-column elementor-col-25 elementor-inner-column elementor-element elementor-element-25a9f87\" data-id=\"25a9f87\" data-element_type=\"column\" data-e-type=\"column\" data-settings=\"{&quot;background_background&quot;:&quot;classic&quot;}\">\n\t\t\t<div class=\"elementor-widget-wrap elementor-element-populated\">\n\t\t\t\t\t\t<div class=\"elementor-element elementor-element-6db4743 dce_masking-none elementor-widget elementor-widget-image\" data-id=\"6db4743\" data-element_type=\"widget\" data-e-type=\"widget\" data-widget_type=\"image.default\">\n\t\t\t\t<div class=\"elementor-widget-container\">\n\t\t\t\t\t\t\t\t\t\t\t\t\t\t\t\t<a href=\"\/de\/collection\/partyshoe-silver\/\">\n\t\t\t\t\t\t\t<img loading=\"lazy\" decoding=\"async\" width=\"1080\" height=\"1080\" src=\"https:\/\/partyshoe.com\/wp-content\/uploads\/2022\/09\/Partyshoe_Silver_on.jpg\" class=\"elementor-animation-grow attachment-full size-full wp-image-128\" alt=\"Partyshoe_Silver_on\" srcset=\"https:\/\/partyshoe.com\/wp-content\/uploads\/2022\/09\/Partyshoe_Silver_on.jpg 1080w, https:\/\/partyshoe.com\/wp-content\/uploads\/2022\/09\/Partyshoe_Silver_on-300x300.jpg 300w, https:\/\/partyshoe.com\/wp-content\/uploads\/2022\/09\/Partyshoe_Silver_on-1024x1024.jpg 1024w, https:\/\/partyshoe.com\/wp-content\/uploads\/2022\/09\/Partyshoe_Silver_on-150x150.jpg 150w, https:\/\/partyshoe.com\/wp-content\/uploads\/2022\/09\/Partyshoe_Silver_on-768x768.jpg 768w\" sizes=\"(max-width: 1080px) 100vw, 1080px\" \/>\t\t\t\t\t\t\t\t<\/a>\n\t\t\t\t\t\t\t\t\t\t\t\t\t\t\t<\/div>\n\t\t\t\t<\/div>\n\t\t\t\t<div class=\"elementor-element elementor-element-b73e75f elementor-widget elementor-widget-heading\" data-id=\"b73e75f\" data-element_type=\"widget\" data-e-type=\"widget\" data-widget_type=\"heading.default\">\n\t\t\t\t<div class=\"elementor-widget-container\">\n\t\t\t\t\t<h2 class=\"elementor-heading-title elementor-size-default\"><a href=\"\/de\/collection\/partyshoe-silver\/\">LED Schuhe Silber<\/a><\/h2>\t\t\t\t<\/div>\n\t\t\t\t<\/div>\n\t\t\t\t\t<\/div>\n\t\t<\/div>\n\t\t\t\t\t<\/div>\n\t\t<\/section>\n\t\t\t\t\t<\/div>\n\t\t<\/div>\n\t\t\t\t\t<\/div>\n\t\t<\/section>\n\t\t\t\t<section class=\"elementor-section elementor-top-section elementor-element elementor-element-9090f5c elementor-section-content-middle elementor-section-boxed elementor-section-height-default elementor-section-height-default\" data-id=\"9090f5c\" data-element_type=\"section\" data-e-type=\"section\">\n\t\t\t\t\t\t<div class=\"elementor-container elementor-column-gap-default\">\n\t\t\t\t\t<div class=\"elementor-column elementor-col-33 elementor-top-column elementor-element elementor-element-23757e0\" data-id=\"23757e0\" data-element_type=\"column\" data-e-type=\"column\">\n\t\t\t<div class=\"elementor-widget-wrap elementor-element-populated\">\n\t\t\t\t\t\t<div class=\"elementor-element elementor-element-2f8dc13 dce_masking-none elementor-widget elementor-widget-image\" data-id=\"2f8dc13\" data-element_type=\"widget\" data-e-type=\"widget\" data-widget_type=\"image.default\">\n\t\t\t\t<div class=\"elementor-widget-container\">\n\t\t\t\t\t\t\t\t\t\t\t\t\t\t\t<img loading=\"lazy\" decoding=\"async\" width=\"600\" height=\"600\" src=\"https:\/\/partyshoe.com\/wp-content\/uploads\/2022\/09\/Partyshoe_Kids_White_on.jpg\" class=\"elementor-animation-grow attachment-full size-full wp-image-162\" alt=\"Partyshoe_Kids_White_on\" srcset=\"https:\/\/partyshoe.com\/wp-content\/uploads\/2022\/09\/Partyshoe_Kids_White_on.jpg 600w, https:\/\/partyshoe.com\/wp-content\/uploads\/2022\/09\/Partyshoe_Kids_White_on-300x300.jpg 300w, https:\/\/partyshoe.com\/wp-content\/uploads\/2022\/09\/Partyshoe_Kids_White_on-150x150.jpg 150w\" sizes=\"(max-width: 600px) 100vw, 600px\" \/>\t\t\t\t\t\t\t\t\t\t\t\t\t\t\t<\/div>\n\t\t\t\t<\/div>\n\t\t\t\t\t<\/div>\n\t\t<\/div>\n\t\t\t\t<div class=\"elementor-column elementor-col-66 elementor-top-column elementor-element elementor-element-7045d4f\" data-id=\"7045d4f\" data-element_type=\"column\" data-e-type=\"column\">\n\t\t\t<div class=\"elementor-widget-wrap elementor-element-populated\">\n\t\t\t\t\t\t<div class=\"elementor-element elementor-element-61f4307 elementor-widget elementor-widget-heading\" data-id=\"61f4307\" data-element_type=\"widget\" data-e-type=\"widget\" data-widget_type=\"heading.default\">\n\t\t\t\t<div class=\"elementor-widget-container\">\n\t\t\t\t\t<h1 class=\"elementor-heading-title elementor-size-default\">Partyschuhe Kinder Wei\u00df<\/h1>\t\t\t\t<\/div>\n\t\t\t\t<\/div>\n\t\t\t\t<div class=\"elementor-element elementor-element-7a585cd elementor-widget elementor-widget-text-editor\" data-id=\"7a585cd\" data-element_type=\"widget\" data-e-type=\"widget\" data-widget_type=\"text-editor.default\">\n\t\t\t\t<div class=\"elementor-widget-container\">\n\t\t\t\t\t\t\t\t\t<p>Bequeme Kindersneaker in Wei\u00df mit mehrfarbiger Sohle. \u00dcber einen Knopf an der Innenseite des Schuhs k\u00f6nnen Sie zwischen 11 verschiedenen Leuchtmodi w\u00e4hlen. Damit die Schuhe innerhalb weniger Stunden wieder voll aufgeladen sind, liegt ein USB-Ladekabel bei.<\/p>\t\t\t\t\t\t\t\t<\/div>\n\t\t\t\t<\/div>\n\t\t\t\t<div class=\"elementor-element elementor-element-6d2fc8e elementor-align-left elementor-tablet-align-center elementor-widget elementor-widget-button\" data-id=\"6d2fc8e\" data-element_type=\"widget\" data-e-type=\"widget\" data-widget_type=\"button.default\">\n\t\t\t\t<div class=\"elementor-widget-container\">\n\t\t\t\t\t\t\t\t\t<div class=\"elementor-button-wrapper\">\n\t\t\t\t\t<a class=\"elementor-button elementor-button-link elementor-size-sm\" href=\"\/de\/collection\/partyshoe-kids-white\/\">\n\t\t\t\t\t\t<span class=\"elementor-button-content-wrapper\">\n\t\t\t\t\t\t\t\t\t<span class=\"elementor-button-text\">Entdecke mehr<\/span>\n\t\t\t\t\t<\/span>\n\t\t\t\t\t<\/a>\n\t\t\t\t<\/div>\n\t\t\t\t\t\t\t\t<\/div>\n\t\t\t\t<\/div>\n\t\t\t\t\t<\/div>\n\t\t<\/div>\n\t\t\t\t\t<\/div>\n\t\t<\/section>\n\t\t\t\t<\/div>","protected":false},"excerpt":{"rendered":"<p>Partyshoe Collection Partyshoe.com 4 different colors Partyshoe White Partyshoe Black Partyshoe Gold Partyshoe Silver Kids Partyshoes White Comfortable sneakers for kids in white equipped with a multicolor sole. A button on the inside of the shoe enables you to choose between 8 different colors. A USB-charging cable is included to make sure that the shoes [&hellip;]<\/p>\n","protected":false},"author":1,"featured_media":0,"parent":0,"menu_order":0,"comment_status":"closed","ping_status":"closed","template":"elementor_header_footer","meta":{"_acf_changed":false,"footnotes":""},"class_list":["post-31","page","type-page","status-publish","hentry"],"acf":[],"_links":{"self":[{"href":"https:\/\/partyshoe.com\/de\/wp-json\/wp\/v2\/pages\/31","targetHints":{"allow":["GET"]}}],"collection":[{"href":"https:\/\/partyshoe.com\/de\/wp-json\/wp\/v2\/pages"}],"about":[{"href":"https:\/\/partyshoe.com\/de\/wp-json\/wp\/v2\/types\/page"}],"author":[{"embeddable":true,"href":"https:\/\/partyshoe.com\/de\/wp-json\/wp\/v2\/users\/1"}],"replies":[{"embeddable":true,"href":"https:\/\/partyshoe.com\/de\/wp-json\/wp\/v2\/comments?post=31"}],"version-history":[{"count":20,"href":"https:\/\/partyshoe.com\/de\/wp-json\/wp\/v2\/pages\/31\/revisions"}],"predecessor-version":[{"id":873,"href":"https:\/\/partyshoe.com\/de\/wp-json\/wp\/v2\/pages\/31\/revisions\/873"}],"wp:attachment":[{"href":"https:\/\/partyshoe.com\/de\/wp-json\/wp\/v2\/media?parent=31"}],"curies":[{"name":"wp","href":"https:\/\/api.w.org\/{rel}","templated":true}]}}